{"id":70,"date":"2026-04-01T21:45:10","date_gmt":"2026-04-01T21:45:10","guid":{"rendered":"https:\/\/www.hichemkaroui.com\/en\/?page_id=70"},"modified":"2026-04-01T21:45:10","modified_gmt":"2026-04-01T21:45:10","slug":"scholarly-publications-books","status":"publish","type":"page","link":"https:\/\/www.hichemkaroui.com\/page\/scholarly-publications-books\/","title":{"rendered":"Scholarly Publications (Books)"},"content":{"rendered":"<h2>Author or co-author of the following books:<\/h2>\n<ol>\n<li><strong>Issues in Contemporary Diplomacy<\/strong> (3 Book-series) in collaboration with the Diplomatic Institute of Qatar (MOFA), prefaced by Dr. Abdulaziz Al-Hurr (2025):<\/li>\n<\/ol>\n<ul>\n<li>The Art of Diplomacy<\/li>\n<li>Diplomacy and Human Rights<\/li>\n<li>Track II Diplomacy.<\/li>\n<\/ul>\n<ol start=\"2\">\n<li>The Sociology of International Relations: Power, Culture and Change. Global East-West, London, 2025.<\/li>\n<li>La sociologie des relations internationales: pouvoir, culture et changement. London. 2025.<\/li>\n<li>Tribal Histories and Social Structures in the Gulf. . Global East-West. London. 2025.<\/li>\n<li>Shadows of Empire: Colonial Legacies and the Birth of Modern Gulf States. Global East-West. London. 2025.<\/li>\n<li>Cultural Exchange And Influence of The Gulf. Global East-West. London. 2025.<\/li>\n<li>Tech Ambassadors: Bridging Governments and Silicon Valley. Global East-West 2024.<\/li>\n<li>Navigating Uncertainty: The Future of Global Governance and Influence. Global East-West 2024.<\/li>\n<li>Researching Society: An Introduction To Sociological Method. Global East-West 2024.<\/li>\n<li>What Is Society? A Course Textbook. Global East-West 2024.<\/li>\n<li>What Is Sociology About? Key Concepts for Students and Teachers. Global East-West 2024.<\/li>\n<li>The Power Of Small States: Diplomacy In The Global Arena. Global East-West 2024.<\/li>\n<li>France&#8217;s Arab Policy: From De Gaulle to Macron. Global East-West (London: 2024).<\/li>\n<li>Breaking the Veil: Unmasking Stigma Against Islam in the West. Global East-West. (London: 2024).<\/li>\n<li>The Evolution of Qatari Foreign Policy. Global East-West (London: 2024).<\/li>\n<li>The French Sociological Tradition: Essential Thinkers and Theories. Global East-West (London: 2024).<\/li>\n<li>About Albert Camus: The Man Behind the Myth. Global East-West (London: 2024).<\/li>\n<li>De la Revolution au Renouveau. Global East-West(London: 2024).<\/li>\n<li>Angry Africa: A Study on Post-Colonialism and How &#8220;France-Afrique&#8221; Policy Led to Anti-French Coups. Global East-West (London: 2024).<\/li>\n<li>The Invisible Hand: Uncovering the Deep State&#8217;s Control Over Government. Global East-West (London: 2024).<\/li>\n<li>The Right To Resist: Zionism and Fascism. Global East-West (London: 2023).<\/li>\n<li>Children of Gaza: Requiem For a Civilisation In Decline. Global East-West (London: 2023).<\/li>\n<li>I Have The Time. &#8220;Questions&#8221; series. Publisher: Global East-West (London 2023).<\/li>\n<li>Treatise On Self-Improvement: Unlock Your Potential. &#8220;Questions&#8221; series. Publisher: Global East-West (London 2023).<\/li>\n<li>What is Happiness? An Essay on the Infinite Ways to Find Lasting Joy. &#8220;Questions&#8221; series. Publisher: Global East-West (London 2023).<\/li>\n<li>Leadership&#8217;s Involvement In Institutional Excellence: Empowerment, Anticipation, Creativity. Noon Publishing (Paris 2020). Ebook. Arabic.<\/li>\n<li>The Apparent Chinese Paradox. Chapter in the collective book &#8220;The Syrian Crisis.&#8221; Springer (2020).<\/li>\n<li>Geopolitical Shifts in the Triangle: The United States, the Gulf Cooperation Council countries, and China. Chapter in the collective book: \u201cHandbook On China and Globalization . \u201d Edward Elgar House ( London: 2019), in collaboration with the Center for China and Globalization, Beijing.<\/li>\n<li>Negotiation and Bargaining. Noon Publishing (Paris: 2018). Ebook. Arabic.<\/li>\n<li>Inventing The Middle East. Noon Publishing (Paris: 2018 ). Ebook. Arabic.<\/li>\n<li>S. Policy and the Arab-Muslim World: The Understanding Abyss. Noon Publishing (Paris: 2018 ). Ebook. Arabic.<\/li>\n<li>On China And the Arabs. With Dr Gafar Karar Ahmed. Noon Publishing (Paris: 2018 ).<\/li>\n<li>Chatting With My Chinese Friend, KRPC Publications (Paris: 2016).<\/li>\n<li>Conservative Revolution and Other Essays, KRPC\/Middle East Studies, Paris (Paris: 2015).<\/li>\n<li>Diplomacy and Conflict: Policy Analyses. Middle-East-Studies\/KRPC, (Paris: 2015 ).<\/li>\n<li>Policy Analyses: 2002-2003 (Arabic) Volume 1. KRPC (Paris: 2015).<\/li>\n<li>The Political Algebra of Global Value Change: General Models and Implications for the Muslim World. With Arno Tausch, and Almas Heshmati. Nova Science (New York: 2014).<\/li>\n<li>Middle East Studies in the USA after 9\/11: Shaping American Perceptions. Nama Centre for Research and Studies (Kingdom of Saudi Arabia: 2013). Arabic.<\/li>\n<li>S.- Saudi Love-Hate Story. A Middle East Studies Book. Charleston, S.C. USA. (2013).<\/li>\n<li>Power Revolving Doors: The Shaping of American Perception of Middle East Studies. A Middle East Studies Book. (Charleston, S.C. USA.\u00a0 )<\/li>\n<li>L\u2019administration Bush au Moyen-Orient. (French). Middle East Books ( Paris: 2013).<\/li>\n<li>Arab Spring, The New Middle East in the Making. CS\/A Middle East Studies Book. (Charleston, S.C. 2012).<\/li>\n<li>The Bush II Years in the Middle East (2000-2008) A case study in the sociology of international relations. Middle East Books (Paris &#8211; South Carolina: 2012).<\/li>\n<li>Diplomacy versus Transparency and Risk Society<em>. <\/em>Chapter in a collective book: The WikiLeaks Phenomenon: Media and Politics Controversy Between the Virtual and the Real. Arab Center for Research and Policy Studies. (Doha-Beirut: 2012) . Arabic.<\/li>\n<li>Post-Kemalist Politics in Turkey<em>.<\/em> Chapter in a collective book: The Arabs and Turkey: Present Challenges and Future Bets. The Arab Center for Research and Policy Studies (Doha-Beirut: 2012). Arabic.<\/li>\n<li>Muslims: Nightmare or Strength for Europe? With Arnaud Tausch. L\u2019Harmattan (Paris: 2011). French.<\/li>\n<li>Where is Saudi Arabia Headed? (French), L\u2019Harmattan (Paris: 2006).<\/li>\n<li>Post &#8211; Saddam in Iraq, (French), L\u2019Harmattan (Paris: 2005 ).<\/li>\n<li>The Eagle and the Borders: Prolegomenon to a Critique of the Arab Political Reality. Al-Nawras publishing (Tunisia: 1989). Arabic.<\/li>\n<li>International Balance From Cold War to D\u00e9tente. Addar Al-Arabiyya (Tunisia: 1985). Arabic.<\/li>\n<\/ol>\n<p style=\"font-weight: 400;\"><strong>\u00a0<\/strong><\/p>\n<h2>\u00a0Senior Researcher and Editor of the following books:<\/h2>\n<ol>\n<li>Masters of Realpolitik, by Gew Intelligence Unit. Publisher: Global East-West, London, 2025.<\/li>\n<li>Global Cultural Shifts, by GEW Social Sciences Group. Publisher: \u200e Global East-West (London, December 11, 2024).<\/li>\n<li>Weapons, Technology and Policy in the GCC States: Defending Development. GEW Intelligence Unit (Auteur). Global East-West (London: 2024).<\/li>\n<li>Strength and Strategy: Assessing Gulf Armies&#8217; Efficiency on the Field. GEW Intelligence Unit (Auteur) Global East-West (London: 2024).<\/li>\n<li>Emirati Defence Evolution: From Imports to Autonomy. GEW Intelligence Unit (Auteur) Global East-West (London: 2024).<\/li>\n<li>Gulf Ideological Dynamics: Exploring the Quest for Unity and Discord. GEW Reports and Analyses Team (Auteur). Global East-West (London: 2024).<\/li>\n<li>The Evolution Of Saudi Diplomacy Since 1945. GEW Intelligence Unit (Auteur) Global East-West (London: 2024).<\/li>\n<li>Guardians of the Gulf: A Deep Dive into the GCC Defence Industry. GEW Intelligence Unit (Auteur) Global East-West (London: 2024).<\/li>\n<li>Strait of Tensions: The Geopolitical Turmoil of Bab el-Mandeb. GEW Reports and Analyses Team (Auteur). Global East-West (London: 2024).<\/li>\n<li>Shifting Sands: Gulf Countries, BRICS, and the New World Order. GEW Intelligence Unit (Auteur). Global East-West (London: 2024).<\/li>\n<li>Saudi Arabia and Israel: The Sinful Proximity. GEW Intelligence Unit (Auteur). Global East-West (London: 2024).<\/li>\n<li>Navigating Turbulence: Conflict Resolution Initiatives In The Gulf And Beyond. GEW Reports and Analyses Team (Auteur). Global East-West (London: 2024).<\/li>\n<li>The Evolution Of UAE Foreign Policy: Principles, Components And Goals. GEW Intelligence Unit (Auteur) Global East-West (London: 2024).<\/li>\n<li>International Relations: China Russia the US and the Future of Geopolitics. GEW Intelligence Unit (Auteur) Global East-West (London: 2024).<\/li>\n<li>World On The Brink: G7 Vs. BRICS In The Quest For Dominance. GEW Intelligence Unit (Auteur) Global East-West (London: 2024).<\/li>\n<li>From Poverty To Power: China&#8217;s Economic Rise And America&#8217;s Decline. GEW Intelligence Unit (Auteur) Global East-West (London: 2024).<\/li>\n<li>Geopolitical Chess: The West&#8217;s Desperation And Russia&#8217;s Strategic Response. GEW Intelligence Unit (Auteur) Global East-West (London: 2024).<\/li>\n<li>La France \u00c0 L&#8217;\u00e9preuve. Gew Sciences Sociales. Global East-West (London: 2024).<\/li>\n<li>La r\u00e9sistance fran\u00e7aise contre l&#8217;occupation nazie. \u00c9quipe Rapports et Analyses du GEW (Author). Global East-West (London: 2024).<\/li>\n<li>\u00c9volution De L&#8217;\u00e9ducation En France. \u00c9quipe Rapports et Analyses du GEW (Author). Global East-West (London: 2024).<\/li>\n<li>What Do You Know About Karl Marx? GEW Social Sciences and Humanities Team Global East-West(London: 2024).<\/li>\n<li>What Do You Know About Nietzsche? GEW Social Sciences and Humanities Team Global East-West(London: 2024).<\/li>\n<li>Israel&#8217;s Enduring Predicament: The Roads That Lead Nowhere. GEW Intelligence Unit (Auteur) Global East-West (London: 2023).<\/li>\n<\/ol>\n","protected":false},"excerpt":{"rendered":"<p>Author or co-author of the following books: Issues in Contemporary Diplomacy (3 Book-series) in collaboration with the Diplomatic Institute of Qatar (MOFA), prefaced by Dr. Abdulaziz Al-Hurr (2025): The Art of Diplomacy Diplomacy and Human Rights Track II Diplomacy. The Sociology of [&hellip;]<\/p>\n","protected":false},"author":1,"featured_media":0,"parent":0,"menu_order":0,"comment_status":"closed","ping_status":"closed","template":"","meta":{"footnotes":""},"class_list":["post-70","page","type-page","status-publish","hentry"],"_links":{"self":[{"href":"https:\/\/www.hichemkaroui.com\/page\/wp-json\/wp\/v2\/pages\/70","targetHints":{"allow":["GET"]}}],"collection":[{"href":"https:\/\/www.hichemkaroui.com\/page\/wp-json\/wp\/v2\/pages"}],"about":[{"href":"https:\/\/www.hichemkaroui.com\/page\/wp-json\/wp\/v2\/types\/page"}],"author":[{"embeddable":true,"href":"https:\/\/www.hichemkaroui.com\/page\/wp-json\/wp\/v2\/users\/1"}],"replies":[{"embeddable":true,"href":"https:\/\/www.hichemkaroui.com\/page\/wp-json\/wp\/v2\/comments?post=70"}],"version-history":[{"count":0,"href":"https:\/\/www.hichemkaroui.com\/page\/wp-json\/wp\/v2\/pages\/70\/revisions"}],"wp:attachment":[{"href":"https:\/\/www.hichemkaroui.com\/page\/wp-json\/wp\/v2\/media?parent=70"}],"curies":[{"name":"wp","href":"https:\/\/api.w.org\/{rel}","templated":true}]}}